{"id":1447,"date":"2026-01-20T12:08:23","date_gmt":"2026-01-20T12:08:23","guid":{"rendered":"https:\/\/bonuskongcasino.com\/app\/"},"modified":"2026-02-25T12:56:13","modified_gmt":"2026-02-25T12:56:13","slug":"aplikacja","status":"publish","type":"page","link":"https:\/\/rollambia-casino.com\/pl\/aplikacja\/","title":{"rendered":"Aplikacja"},"content":{"rendered":"<h1>Aplikacja Mobilna Rollambia<\/h1>\n<p>Gracze maj\u0105 teraz swobod\u0119 grania w swoje ulubione gry, kiedy tylko chc\u0105, dzi\u0119ki Rollambia app. Zar\u00f3wno zaawansowane funkcje, jak i przyjazny interfejs tej mobilnej platformy s\u0105 imponuj\u0105ce. U\u017cytkownicy produkt\u00f3w Apple i Android mog\u0105 uzyska\u0107 dost\u0119p do szerokiej gamy mobilnych gier kasynowych. Aplikacja zapewnia u\u017cytkownikom, szczeg\u00f3lnie tym na urz\u0105dzeniach mobilnych, bezpieczne i p\u0142ynne do\u015bwiadczenie gry.<\/p>\n<div class=\"banner-wrap\" aria-label=\"Banner\"><img src=\"https:\/\/rollambia-casino.com\/wp-content\/uploads\/2026\/02\/Rollambia-banner-desktop.webp\" class=\"w-100 d-none d-lg-block img-pc main-banner-img\" alt=\"Rollambia banner desktop\" fetchpriority=\"high\" decoding=\"async\"><img src=\"https:\/\/rollambia-casino.com\/wp-content\/uploads\/2026\/02\/Rollambia-banner-mobile.webp\" class=\"w-100 d-none d-md-block d-lg-none main-banner-img\" alt=\"Rollambia banner mobile\" fetchpriority=\"high\" decoding=\"async\"><img src=\"https:\/\/rollambia-casino.com\/wp-content\/uploads\/2026\/02\/Rollambia-banner-mobile.webp\" class=\"w-100 d-md-none\" alt=\"Rollambia banner mobile\" fetchpriority=\"high\" decoding=\"async\"><div class=\"banner-description\">\n<div class=\"banner-title\">Bonusy powitalne<\/div>\n<p class=\"banner-header-title\">1500 \u20ac<\/p>\n<div class=\"banner-header-AdditionalText\">+ 250 Darmowe spiny<\/div>\n<button data-item=\"homepage_banner_link\" class=\"goto m-button m-gradient-border m-button--primary m-button--large banner-button btn-orange\">\n            <div class=\"m-button-content\">\n                <span>Zarejestruj si\u0119 teraz<\/span>\n                <span><\/span>\n            <\/div>\n        <\/button>\n<\/div>\n<div class=\"WelcomePack\">\n<p><img loading=\"lazy\" decoding=\"async\" class=\"alignnone size-full wp-image-1848\" src=\"https:\/\/rollambia-casino.com\/wp-content\/uploads\/2026\/02\/welcome-crown.png\" alt=\"welcome crown\" width=\"25\" height=\"26\" \/><\/p>\n<div class=\"WelcomePack-Info\">Cotygodniowy zwrot got\u00f3wki do 25%<\/div>\n<p><img loading=\"lazy\" decoding=\"async\" class=\"alignnone size-full wp-image-1848\" src=\"https:\/\/rollambia-casino.com\/wp-content\/uploads\/2026\/02\/welcome-crown.png\" alt=\"welcome crown\" width=\"25\" height=\"26\" \/><\/p>\n<\/div>\n<\/div>\n<h2>Zalety Aplikacji Rollambia<\/h2>\n<p>Aplikacja mobilna oferuje konkretne funkcje, kt\u00f3re poprawiaj\u0105 do\u015bwiadczenie gry w por\u00f3wnaniu z dost\u0119pem przez komputer. Gracze znajduj\u0105 znacz\u0105ce korzy\u015bci przy korzystaniu z mobilnej wersji platformy.<\/p>\n<p>Aplikacja eliminuje konieczno\u015b\u0107 otwierania przegl\u0105darki za ka\u017cdym razem, gdy chcesz zagra\u0107. Naci\u015bni\u0119cie ikony na ekranie g\u0142\u00f3wnym otwiera Twoje konto i wszystkie gry, w tym automaty online. Bezpo\u015brednio\u015b\u0107 jest przydatna, gdy masz wolny czas w ci\u0105gu dnia.<\/p>\n<p>Sterowanie wykorzystuje funkcje dotykowe smartfon\u00f3w i tablet\u00f3w i jest zaprojektowane dla urz\u0105dze\u0144 mobilnych. \u0141atwiej jest u\u017cywa\u0107 palca do poruszania si\u0119 i mniejsze jest prawdopodobie\u0144stwo pope\u0142nienia b\u0142\u0119d\u00f3w, poniewa\u017c przyciski s\u0105 wi\u0119ksze i lepiej zorganizowane.<\/p>\n<p>Aplikacja zu\u017cywa mniej danych mobilnych ni\u017c dost\u0119p przez przegl\u0105dark\u0119 dzi\u0119ki zoptymalizowanemu projektowi. Elementy wizualne i funkcje s\u0105 usprawnione, aby \u0142adowa\u0107 si\u0119 szybciej, redukuj\u0105c zu\u017cycie Twojego planu internetowego.<\/p>\n<p><div class=\"scrollable-content-wrap my-5\"><div class=\"scrollable-content-inner\"><h2>Jak Gra\u0107 w Rollambi\u0119 z iPhone&#8217;a i iPada<\/h2>\n<p>Urz\u0105dzenia Apple maj\u0105 dwa g\u0142\u00f3wne sposoby dost\u0119pu do platformy Rollambia. Obie opcje oferuj\u0105 pe\u0142ne do\u015bwiadczenie bez konieczno\u015bci pobierania aplikacji z App Store.<\/p>\n<h3>Krok po Kroku Instalacja Aplikacji na iOS<\/h3>\n<p>Kasyno Rollambia wykorzystuje technologi\u0119 PWA, kt\u00f3ra pozwala zainstalowa\u0107 aplikacj\u0119 bezpo\u015brednio z jej oficjalnej strony internetowej. Ten system robi wszystko, co robi natywna aplikacja, ale nie zajmuje dodatkowego miejsca na Twoim urz\u0105dzeniu.<\/p>\n<ol>\n<li>Otw\u00f3rz Safari na swoim iPhonie lub iPadzie.<\/li>\n<li>Odwied\u017a oficjaln\u0105 stron\u0119 internetow\u0105.<\/li>\n<li>Znajd\u017a przycisk \u201eAplikacja Kasyno\u201d w g\u0142\u00f3wnym menu strony.<\/li>\n<li>Naci\u015bnij ikon\u0119 udost\u0119pniania na dole ekranu (kwadrat ze strza\u0142k\u0105 skierowan\u0105 w g\u00f3r\u0119).<\/li>\n<li>Przewi\u0144 w d\u00f3\u0142 opcje i wybierz \u201eDodaj do ekranu g\u0142\u00f3wnego\u201d.<\/li>\n<li>Dostosuj nazw\u0119, je\u015bli chcesz, i potwierd\u017a, stukaj\u0105c \u201eDodaj\u201d.<\/li>\n<\/ol>\n<p>Ikona pojawi si\u0119 na Twoim ekranie g\u0142\u00f3wnym jak ka\u017cda inna aplikacja. Klikni\u0119cie jej otwiera j\u0105 w trybie pe\u0142noekranowym, zapewniaj\u0105c do\u015bwiadczenie identyczne z aplikacj\u0105 pobran\u0105 ze sklepu.<\/p>\n<p>Je\u015bli masz problemy z instalacj\u0105 lub procesem weryfikacji, mo\u017cesz skontaktowa\u0107 si\u0119 z naszym zespo\u0142em wsparcia poprzez czat na \u017cywo lub e-mail.<\/p>\n<p><img loading=\"lazy\" decoding=\"async\" class=\"alignnone size-full wp-image-2016\" src=\"https:\/\/rollambia-casino.com\/wp-content\/uploads\/2026\/02\/Rollambia-iOS.webp\" alt=\"Rollambia iOS\" width=\"1248\" height=\"536\" srcset=\"https:\/\/rollambia-casino.com\/wp-content\/uploads\/2026\/02\/Rollambia-iOS.webp 1248w, https:\/\/rollambia-casino.com\/wp-content\/uploads\/2026\/02\/Rollambia-iOS-300x129.webp 300w, https:\/\/rollambia-casino.com\/wp-content\/uploads\/2026\/02\/Rollambia-iOS-1024x440.webp 1024w, https:\/\/rollambia-casino.com\/wp-content\/uploads\/2026\/02\/Rollambia-iOS-768x330.webp 768w\" sizes=\"auto, (max-width: 1248px) 100vw, 1248px\" \/><\/p>\n<\/div><\/div><div style=\"clear: both\"><\/div><div class=\"d-flex justify-content-center\"><button data-item=\"decouvrez_link\" data-group=\"website_links\" class=\"goto fw-bold rounded-pill btn btn-orange\" aria-label=\"Pobierz aplikacj\u0119 Rollambia\" >Pobierz aplikacj\u0119 Rollambia<\/button><\/div><div class=\"scrollable-content-wrap my-5\"><div class=\"scrollable-content-inner\"><h2>Rollambia z PC lub Maca<\/h2>\n<p>Chocia\u017c aplikacja mobilna pozwala gra\u0107 wsz\u0119dzie, wielu graczy woli gra\u0107 na wi\u0119kszym ekranie. Dost\u0119p z komputer\u00f3w stacjonarnych lub laptop\u00f3w nie wymaga pobierania.<\/p>\n<p>Platforma internetowa Rollambia dobrze dzia\u0142a we wszystkich nowoczesnych przegl\u0105darkach, takich jak Chrome, Firefox, Safari i Edge. Wystarczy odwiedzi\u0107 oficjaln\u0105 stron\u0119 internetow\u0105, zalogowa\u0107 si\u0119 swoimi danymi i natychmiast uzyska\u0107 dost\u0119p do pe\u0142nej biblioteki gier.<\/p>\n<p>Wi\u0119ksze ekrany pomagaj\u0105 lepiej zobaczy\u0107 szczeg\u00f3\u0142ow\u0105 grafik\u0119 gier i u\u0142atwiaj\u0105 obs\u0142ug\u0119 wielu okien jednocze\u015bnie. Gracze, kt\u00f3rzy bior\u0105 udzia\u0142 w turniejach lub graj\u0105 przez d\u0142ugie okresy, preferuj\u0105 do\u015bwiadczenie na PC lub Macu.<\/p>\n<p>Twoje konto jest automatycznie po\u0142\u0105czone na wszystkich urz\u0105dzeniach. Tw\u00f3j post\u0119p, saldo i ustawienia s\u0105 takie same, niezale\u017cnie od tego, czy grasz w kasynie mobilnym, na tablecie czy komputerze. Ta elastyczno\u015b\u0107 pozwala u\u017cywa\u0107 r\u00f3\u017cnych urz\u0105dze\u0144 w zale\u017cno\u015bci od sytuacji bez utraty rytmu.<\/p>\n<table>\n<tbody>\n<tr>\n<td>Aspekt<\/td>\n<td>Urz\u0105dzenie Mobilne<\/td>\n<td>PC\/Mac<\/td>\n<\/tr>\n<tr>\n<td>Przeno\u015bno\u015b\u0107<\/td>\n<td>Doskona\u0142a<\/td>\n<td>Ograniczona<\/td>\n<\/tr>\n<tr>\n<td>Rozmiar Ekranu<\/td>\n<td>5-7 cali<\/td>\n<td>13+ cali<\/td>\n<\/tr>\n<tr>\n<td>Wielozadaniowo\u015b\u0107<\/td>\n<td>Ograniczona<\/td>\n<td>Rozleg\u0142a<\/td>\n<\/tr>\n<tr>\n<td>Komfort podczas d\u0142ugich sesji<\/td>\n<td>\u015aredni<\/td>\n<td>Wysoki<\/td>\n<\/tr>\n<\/tbody>\n<\/table>\n<p><img loading=\"lazy\" decoding=\"async\" class=\"alignnone size-full wp-image-2008\" src=\"https:\/\/rollambia-casino.com\/wp-content\/uploads\/2026\/02\/Rollambia-Desktop.webp\" alt=\"Rollambia Desktop\" width=\"1248\" height=\"536\" srcset=\"https:\/\/rollambia-casino.com\/wp-content\/uploads\/2026\/02\/Rollambia-Desktop.webp 1248w, https:\/\/rollambia-casino.com\/wp-content\/uploads\/2026\/02\/Rollambia-Desktop-300x129.webp 300w, https:\/\/rollambia-casino.com\/wp-content\/uploads\/2026\/02\/Rollambia-Desktop-1024x440.webp 1024w, https:\/\/rollambia-casino.com\/wp-content\/uploads\/2026\/02\/Rollambia-Desktop-768x330.webp 768w\" sizes=\"auto, (max-width: 1248px) 100vw, 1248px\" \/><\/p>\n<\/div><\/div><div style=\"clear: both\"><\/div><div class=\"d-flex justify-content-center\"><button data-item=\"decouvrez_link\" data-group=\"website_links\" class=\"goto fw-bold rounded-pill btn btn-orange\" aria-label=\"Pobierz Rollambia\" >Pobierz Rollambia<\/button><\/div><div class=\"scrollable-content-wrap my-5\"><div class=\"scrollable-content-inner\"><h2>Pobieranie i Instalacja Aplikacji na Android<\/h2>\n<p>U\u017cytkownicy Androida maj\u0105 r\u00f3\u017cne sposoby instalacji aplikacji Rollambia. Proces jest prosty i nie wymaga skomplikowanych zmian w urz\u0105dzeniu.<\/p>\n<h3>Instalacja przez Skr\u00f3t Internetowy<\/h3>\n<p>Android r\u00f3wnie\u017c pozwala tworzy\u0107 skr\u00f3ty z Chrome, podobnie jak w iOS, ale z kilkoma innymi krokami.<\/p>\n<ol>\n<li>Otw\u00f3rz Chrome na swoim telefonie z Androidem.<\/li>\n<li>Odwied\u017a stron\u0119 internetow\u0105.<\/li>\n<li>Poszukaj sekcji \u201eAplikacja Kasyno\u201d w menu strony.<\/li>\n<li>Kliknij ikon\u0119 z trzema kropkami w prawym g\u00f3rnym rogu przegl\u0105darki.<\/li>\n<li>Wybierz \u201eDodaj do ekranu g\u0142\u00f3wnego\u201d z menu, kt\u00f3re si\u0119 pojawi.<\/li>\n<li>Potwierd\u017a czynno\u015b\u0107, stukaj\u0105c \u201eDodaj\u201d.<\/li>\n<\/ol>\n<p>System automatycznie utworzy ikon\u0119 na Twoim ekranie g\u0142\u00f3wnym, kt\u00f3ra b\u0119dzie funkcjonowa\u0107 jako samodzielna aplikacja.<\/p>\n<p><img loading=\"lazy\" decoding=\"async\" class=\"alignnone size-full wp-image-2000\" src=\"https:\/\/rollambia-casino.com\/wp-content\/uploads\/2026\/02\/Rollambia-Android.webp\" alt=\"Rollambia Android\" width=\"1248\" height=\"536\" srcset=\"https:\/\/rollambia-casino.com\/wp-content\/uploads\/2026\/02\/Rollambia-Android.webp 1248w, https:\/\/rollambia-casino.com\/wp-content\/uploads\/2026\/02\/Rollambia-Android-300x129.webp 300w, https:\/\/rollambia-casino.com\/wp-content\/uploads\/2026\/02\/Rollambia-Android-1024x440.webp 1024w, https:\/\/rollambia-casino.com\/wp-content\/uploads\/2026\/02\/Rollambia-Android-768x330.webp 768w\" sizes=\"auto, (max-width: 1248px) 100vw, 1248px\" \/><\/p>\n<\/div><\/div><div style=\"clear: both\"><\/div><div class=\"d-flex justify-content-center\"><button data-item=\"decouvrez_link\" data-group=\"website_links\" class=\"goto fw-bold rounded-pill btn btn-orange\" aria-label=\"Pobierz aplikacj\u0119 Rollambia\" >Pobierz aplikacj\u0119 Rollambia<\/button><\/div><div class=\"scrollable-content-wrap my-5\"><div class=\"scrollable-content-inner\"><h2>Bezpiecze\u0144stwo Aplikacji i Funkcje Ochrony<\/h2>\n<p>Bezpiecze\u0144stwo jest g\u0142\u00f3wnym priorytetem przy korzystaniu z Rollambia. Wiele warstw bezpiecze\u0144stwa chroni dane osobowe i finansowe u\u017cytkownik\u00f3w.<\/p>\n<p>Wszystkie informacje przesy\u0142ane mi\u0119dzy Twoim urz\u0105dzeniem a serwerami s\u0105 chronione przy u\u017cyciu szyfrowania SSL 128-bitowego. Ten poziom bezpiecze\u0144stwa jest taki sam, jakiego u\u017cywaj\u0105 banki do ochrony wra\u017cliwych informacji, takich jak has\u0142a i dane p\u0142atno\u015bci, przed kradzie\u017c\u0105.<\/p>\n<p>Aplikacja zapewnia opcjonalne uwierzytelnianie dwusk\u0142adnikowe, kt\u00f3re zwi\u0119ksza bezpiecze\u0144stwo. Po wprowadzeniu has\u0142a system \u017c\u0105da tymczasowego kodu przez telefon lub e-mail. Zapobiega to nieautoryzowanemu dost\u0119powi, nawet je\u015bli kto\u015b ma Twoje has\u0142o.<\/p>\n<p>Ka\u017cda wp\u0142ata i wyp\u0142ata jest automatycznie sprawdzana pod k\u0105tem bezpiecze\u0144stwa. System wykrywa anomalie i mo\u017ce za\u017c\u0105da\u0107 dodatkowej weryfikacji dla transakcji odbiegaj\u0105cych od Twojego zwyk\u0142ego zachowania, aby zapobiec oszustwom.<\/p>\n<h2>Cz\u0119sto Zadawane Pytania<\/h2>\n<h3>Co powinienem zrobi\u0107, je\u015bli aplikacja zamyka si\u0119 nieoczekiwanie?<\/h3>\n<p>Nieoczekiwane zamkni\u0119cia s\u0105 zazwyczaj rozwi\u0105zywane prostymi krokami. Odtw\u00f3rz skr\u00f3t ze strony internetowej, wyczy\u015b\u0107 pami\u0119\u0107 podr\u0119czn\u0105 przegl\u0105darki i zrestartuj telefon. Upewnij si\u0119, \u017ce system operacyjny jest aktualny. Je\u015bli problem b\u0119dzie si\u0119 powtarza\u0142, skontaktuj si\u0119 z pomoc\u0105 techniczn\u0105 Rollambia i opisz swoje urz\u0105dzenie oraz b\u0142\u0105d.<\/p>\n<h3>Czy moje wp\u0142aty s\u0105 bezpieczne podczas korzystania z aplikacji mobilnej?<\/h3>\n<p>Wp\u0142aty w aplikacji mobilnej s\u0105 tak samo bezpieczne jak wp\u0142aty na komputerze. U\u017cywaj metod p\u0142atno\u015bci zgodnych z PCI DSS i szyfrowania SSL klasy bankowej. Rollambia nie przechowuje pe\u0142nych danych karty, ale ka\u017cda transakcja jest rejestrowana w historii konta.<\/p>\n<h3>Dlaczego powinienem u\u017cywa\u0107 oficjalnej aplikacji zamiast strony internetowej?<\/h3>\n<p>Oficjalna aplikacja ulepsza gr\u0119 mobiln\u0105 dzi\u0119ki ekskluzywnym powiadomieniom o bonusach, ni\u017cszemu zu\u017cyciu baterii i danych oraz zoptymalizowanemu interfejsowi dotykowemu. \u0141aduje si\u0119 szybciej, u\u0142atwia nawigacj\u0119 i umo\u017cliwia bezpo\u015bredni dost\u0119p z ekranu g\u0142\u00f3wnego bez u\u017cycia przegl\u0105darki.<\/p>\n<\/div><\/div><\/p>\n","protected":false},"excerpt":{"rendered":"<p>Aplikacja Mobilna Rollambia Gracze maj\u0105 teraz swobod\u0119 grania w swoje ulubione gry, kiedy tylko chc\u0105, dzi\u0119ki Rollambia app. Zar\u00f3wno zaawansowane funkcje, jak i przyjazny interfejs tej mobilnej platformy s\u0105 imponuj\u0105ce. U\u017cytkownicy produkt\u00f3w Apple i Android mog\u0105 uzyska\u0107 dost\u0119p do szerokiej gamy mobilnych gier kasynowych. Aplikacja zapewnia u\u017cytkownikom, szczeg\u00f3lnie tym na urz\u0105dzeniach mobilnych, bezpieczne i p\u0142ynne [&hellip;]<\/p>\n","protected":false},"author":1,"featured_media":0,"parent":0,"menu_order":0,"comment_status":"closed","ping_status":"closed","template":"template-builder.php","meta":{"_acf_changed":false,"inline_featured_image":false,"footnotes":""},"class_list":["post-1447","page","type-page","status-publish","hentry"],"acf":[],"yoast_head":"<!-- This site is optimized with the Yoast SEO plugin v27.3 - https:\/\/yoast.com\/product\/yoast-seo-wordpress\/ -->\n<title>Rollambia App na iOS i Androida<\/title>\n<meta name=\"description\" content=\"Dzi\u0119ki Roll Ambia App Twoja pe\u0142na biblioteka gier jest zawsze w Twojej kieszeni. Graj w tysi\u0105ce gier z natychmiastowym dost\u0119pem, niezawodn\u0105 bankowo\u015bci\u0105 w aplikacji i szybk\u0105 obs\u0142ug\u0105 klienta.\" \/>\n<meta name=\"robots\" content=\"index, follow, max-snippet:-1, max-image-preview:large, max-video-preview:-1\" \/>\n<link rel=\"canonical\" href=\"https:\/\/rollambia-casino.com\/pl\/aplikacja\/\" \/>\n<meta property=\"og:locale\" content=\"pl_PL\" \/>\n<meta property=\"og:type\" content=\"article\" \/>\n<meta property=\"og:title\" content=\"Rollambia App na iOS i Androida\" \/>\n<meta property=\"og:description\" content=\"Dzi\u0119ki Roll Ambia App Twoja pe\u0142na biblioteka gier jest zawsze w Twojej kieszeni. Graj w tysi\u0105ce gier z natychmiastowym dost\u0119pem, niezawodn\u0105 bankowo\u015bci\u0105 w aplikacji i szybk\u0105 obs\u0142ug\u0105 klienta.\" \/>\n<meta property=\"og:url\" content=\"https:\/\/rollambia-casino.com\/pl\/aplikacja\/\" \/>\n<meta property=\"og:site_name\" content=\"rollambia\" \/>\n<meta property=\"article:modified_time\" content=\"2026-02-25T12:56:13+00:00\" \/>\n<meta name=\"twitter:card\" content=\"summary_large_image\" \/>\n<meta name=\"twitter:label1\" content=\"Est. reading time\" \/>\n\t<meta name=\"twitter:data1\" content=\"1 minute\" \/>\n<script type=\"application\/ld+json\" class=\"yoast-schema-graph\">{\"@context\":\"https:\\\/\\\/schema.org\",\"@graph\":[{\"@type\":\"WebPage\",\"@id\":\"https:\\\/\\\/rollambia-casino.com\\\/pl\\\/aplikacja\\\/\",\"url\":\"https:\\\/\\\/rollambia-casino.com\\\/pl\\\/aplikacja\\\/\",\"name\":\"Rollambia App na iOS i Androida\",\"isPartOf\":{\"@id\":\"https:\\\/\\\/rollambia-casino.com\\\/pl\\\/#website\"},\"datePublished\":\"2026-01-20T12:08:23+00:00\",\"dateModified\":\"2026-02-25T12:56:13+00:00\",\"description\":\"Dzi\u0119ki Roll Ambia App Twoja pe\u0142na biblioteka gier jest zawsze w Twojej kieszeni. Graj w tysi\u0105ce gier z natychmiastowym dost\u0119pem, niezawodn\u0105 bankowo\u015bci\u0105 w aplikacji i szybk\u0105 obs\u0142ug\u0105 klienta.\",\"breadcrumb\":{\"@id\":\"https:\\\/\\\/rollambia-casino.com\\\/pl\\\/aplikacja\\\/#breadcrumb\"},\"inLanguage\":\"pl-PL\",\"potentialAction\":[{\"@type\":\"ReadAction\",\"target\":[\"https:\\\/\\\/rollambia-casino.com\\\/pl\\\/aplikacja\\\/\"]}]},{\"@type\":\"BreadcrumbList\",\"@id\":\"https:\\\/\\\/rollambia-casino.com\\\/pl\\\/aplikacja\\\/#breadcrumb\",\"itemListElement\":[{\"@type\":\"ListItem\",\"position\":1,\"name\":\"Rollambia\",\"item\":\"https:\\\/\\\/rollambia-casino.com\\\/pl\\\/\"},{\"@type\":\"ListItem\",\"position\":2,\"name\":\"Aplikacja\"}]},{\"@type\":\"WebSite\",\"@id\":\"https:\\\/\\\/rollambia-casino.com\\\/pl\\\/#website\",\"url\":\"https:\\\/\\\/rollambia-casino.com\\\/pl\\\/\",\"name\":\"Rollambia\",\"description\":\"\",\"publisher\":{\"@id\":\"https:\\\/\\\/rollambia-casino.com\\\/pl\\\/#organization\"},\"potentialAction\":[{\"@type\":\"SearchAction\",\"target\":{\"@type\":\"EntryPoint\",\"urlTemplate\":\"https:\\\/\\\/rollambia-casino.com\\\/pl\\\/?s={search_term_string}\"},\"query-input\":{\"@type\":\"PropertyValueSpecification\",\"valueRequired\":true,\"valueName\":\"search_term_string\"}}],\"inLanguage\":\"pl-PL\"},{\"@type\":\"Organization\",\"@id\":\"https:\\\/\\\/rollambia-casino.com\\\/pl\\\/#organization\",\"name\":\"Rollambia\",\"url\":\"https:\\\/\\\/rollambia-casino.com\\\/pl\\\/\",\"logo\":{\"@type\":\"ImageObject\",\"inLanguage\":\"pl-PL\",\"@id\":\"https:\\\/\\\/rollambia-casino.com\\\/pl\\\/#\\\/schema\\\/logo\\\/image\\\/\",\"url\":\"https:\\\/\\\/rollambia-casino.com\\\/wp-content\\\/uploads\\\/2026\\\/02\\\/Rollambia-logo.png\",\"contentUrl\":\"https:\\\/\\\/rollambia-casino.com\\\/wp-content\\\/uploads\\\/2026\\\/02\\\/Rollambia-logo.png\",\"width\":160,\"height\":40,\"caption\":\"Rollambia\"},\"image\":{\"@id\":\"https:\\\/\\\/rollambia-casino.com\\\/pl\\\/#\\\/schema\\\/logo\\\/image\\\/\"}}]}<\/script>\n<!-- \/ Yoast SEO plugin. -->","yoast_head_json":{"title":"Rollambia App na iOS i Androida","description":"Dzi\u0119ki Roll Ambia App Twoja pe\u0142na biblioteka gier jest zawsze w Twojej kieszeni. Graj w tysi\u0105ce gier z natychmiastowym dost\u0119pem, niezawodn\u0105 bankowo\u015bci\u0105 w aplikacji i szybk\u0105 obs\u0142ug\u0105 klienta.","robots":{"index":"index","follow":"follow","max-snippet":"max-snippet:-1","max-image-preview":"max-image-preview:large","max-video-preview":"max-video-preview:-1"},"canonical":"https:\/\/rollambia-casino.com\/pl\/aplikacja\/","og_locale":"pl_PL","og_type":"article","og_title":"Rollambia App na iOS i Androida","og_description":"Dzi\u0119ki Roll Ambia App Twoja pe\u0142na biblioteka gier jest zawsze w Twojej kieszeni. Graj w tysi\u0105ce gier z natychmiastowym dost\u0119pem, niezawodn\u0105 bankowo\u015bci\u0105 w aplikacji i szybk\u0105 obs\u0142ug\u0105 klienta.","og_url":"https:\/\/rollambia-casino.com\/pl\/aplikacja\/","og_site_name":"rollambia","article_modified_time":"2026-02-25T12:56:13+00:00","twitter_card":"summary_large_image","twitter_misc":{"Est. reading time":"1 minute"},"schema":{"@context":"https:\/\/schema.org","@graph":[{"@type":"WebPage","@id":"https:\/\/rollambia-casino.com\/pl\/aplikacja\/","url":"https:\/\/rollambia-casino.com\/pl\/aplikacja\/","name":"Rollambia App na iOS i Androida","isPartOf":{"@id":"https:\/\/rollambia-casino.com\/pl\/#website"},"datePublished":"2026-01-20T12:08:23+00:00","dateModified":"2026-02-25T12:56:13+00:00","description":"Dzi\u0119ki Roll Ambia App Twoja pe\u0142na biblioteka gier jest zawsze w Twojej kieszeni. Graj w tysi\u0105ce gier z natychmiastowym dost\u0119pem, niezawodn\u0105 bankowo\u015bci\u0105 w aplikacji i szybk\u0105 obs\u0142ug\u0105 klienta.","breadcrumb":{"@id":"https:\/\/rollambia-casino.com\/pl\/aplikacja\/#breadcrumb"},"inLanguage":"pl-PL","potentialAction":[{"@type":"ReadAction","target":["https:\/\/rollambia-casino.com\/pl\/aplikacja\/"]}]},{"@type":"BreadcrumbList","@id":"https:\/\/rollambia-casino.com\/pl\/aplikacja\/#breadcrumb","itemListElement":[{"@type":"ListItem","position":1,"name":"Rollambia","item":"https:\/\/rollambia-casino.com\/pl\/"},{"@type":"ListItem","position":2,"name":"Aplikacja"}]},{"@type":"WebSite","@id":"https:\/\/rollambia-casino.com\/pl\/#website","url":"https:\/\/rollambia-casino.com\/pl\/","name":"Rollambia","description":"","publisher":{"@id":"https:\/\/rollambia-casino.com\/pl\/#organization"},"potentialAction":[{"@type":"SearchAction","target":{"@type":"EntryPoint","urlTemplate":"https:\/\/rollambia-casino.com\/pl\/?s={search_term_string}"},"query-input":{"@type":"PropertyValueSpecification","valueRequired":true,"valueName":"search_term_string"}}],"inLanguage":"pl-PL"},{"@type":"Organization","@id":"https:\/\/rollambia-casino.com\/pl\/#organization","name":"Rollambia","url":"https:\/\/rollambia-casino.com\/pl\/","logo":{"@type":"ImageObject","inLanguage":"pl-PL","@id":"https:\/\/rollambia-casino.com\/pl\/#\/schema\/logo\/image\/","url":"https:\/\/rollambia-casino.com\/wp-content\/uploads\/2026\/02\/Rollambia-logo.png","contentUrl":"https:\/\/rollambia-casino.com\/wp-content\/uploads\/2026\/02\/Rollambia-logo.png","width":160,"height":40,"caption":"Rollambia"},"image":{"@id":"https:\/\/rollambia-casino.com\/pl\/#\/schema\/logo\/image\/"}}]}},"_links":{"self":[{"href":"https:\/\/rollambia-casino.com\/pl\/wp-json\/wp\/v2\/pages\/1447","targetHints":{"allow":["GET"]}}],"collection":[{"href":"https:\/\/rollambia-casino.com\/pl\/wp-json\/wp\/v2\/pages"}],"about":[{"href":"https:\/\/rollambia-casino.com\/pl\/wp-json\/wp\/v2\/types\/page"}],"author":[{"embeddable":true,"href":"https:\/\/rollambia-casino.com\/pl\/wp-json\/wp\/v2\/users\/1"}],"replies":[{"embeddable":true,"href":"https:\/\/rollambia-casino.com\/pl\/wp-json\/wp\/v2\/comments?post=1447"}],"version-history":[{"count":3,"href":"https:\/\/rollambia-casino.com\/pl\/wp-json\/wp\/v2\/pages\/1447\/revisions"}],"predecessor-version":[{"id":2093,"href":"https:\/\/rollambia-casino.com\/pl\/wp-json\/wp\/v2\/pages\/1447\/revisions\/2093"}],"wp:attachment":[{"href":"https:\/\/rollambia-casino.com\/pl\/wp-json\/wp\/v2\/media?parent=1447"}],"curies":[{"name":"wp","href":"https:\/\/api.w.org\/{rel}","templated":true}]}}