{"id":1442,"date":"2026-01-20T12:08:23","date_gmt":"2026-01-20T12:08:23","guid":{"rendered":"https:\/\/bonuskongcasino.com\/app-2\/"},"modified":"2026-02-25T11:36:59","modified_gmt":"2026-02-25T11:36:59","slug":"app","status":"publish","type":"page","link":"https:\/\/rollambia-casino.com\/de\/app\/","title":{"rendered":"App"},"content":{"rendered":"<h1>Rollambia Mobile Applikation<\/h1>\n<p>Spieler haben jetzt die Freiheit, ihre Lieblingsspiele mit der Rollambia App zu spielen, wann immer sie m\u00f6chten. Sowohl die fortgeschrittenen Funktionen als auch die benutzerfreundliche Oberfl\u00e4che dieser mobilen Plattform sind beeindruckend. Nutzer von Apple- und Android-Produkten k\u00f6nnen auf eine Vielzahl mobiler Casino-Spiele zugreifen. Die App gew\u00e4hrleistet, dass Nutzer, insbesondere diejenigen auf mobilen Ger\u00e4ten, eine sichere und nahtlose Spielerfahrung haben.<\/p>\n<div class=\"banner-wrap\" aria-label=\"Banner\"><img src=\"https:\/\/rollambia-casino.com\/wp-content\/uploads\/2026\/02\/Rollambia-banner-desktop.webp\" class=\"w-100 d-none d-lg-block img-pc main-banner-img\" alt=\"Rollambia banner desktop\" fetchpriority=\"high\" decoding=\"async\"><img src=\"https:\/\/rollambia-casino.com\/wp-content\/uploads\/2026\/02\/Rollambia-banner-mobile.webp\" class=\"w-100 d-none d-md-block d-lg-none main-banner-img\" alt=\"Rollambia banner mobile\" fetchpriority=\"high\" decoding=\"async\"><img src=\"https:\/\/rollambia-casino.com\/wp-content\/uploads\/2026\/02\/Rollambia-banner-mobile.webp\" class=\"w-100 d-md-none\" alt=\"Rollambia banner mobile\" fetchpriority=\"high\" decoding=\"async\"><div class=\"banner-description\">\n<div class=\"banner-title\">Willkommensboni<\/div>\n<p class=\"banner-header-title\">1500 \u20ac<\/p>\n<div class=\"banner-header-AdditionalText\">+ 250 Freispiele<\/div>\n<button data-item=\"homepage_banner_link\" class=\"goto m-button m-gradient-border m-button--primary m-button--large banner-button btn-orange\">\n            <div class=\"m-button-content\">\n                <span>Jetzt anmelden<\/span>\n                <span><\/span>\n            <\/div>\n        <\/button>\n<\/div>\n<div class=\"WelcomePack\">\n<p><img loading=\"lazy\" decoding=\"async\" class=\"alignnone size-full wp-image-1845\" src=\"https:\/\/rollambia-casino.com\/wp-content\/uploads\/2026\/02\/welcome-crown.png\" alt=\"welcome crown\" width=\"25\" height=\"26\" \/><\/p>\n<div class=\"WelcomePack-Info\">W\u00f6chentlicher Cashback von bis zu 25 %<\/div>\n<p><img loading=\"lazy\" decoding=\"async\" class=\"alignnone size-full wp-image-1845\" src=\"https:\/\/rollambia-casino.com\/wp-content\/uploads\/2026\/02\/welcome-crown.png\" alt=\"welcome crown\" width=\"25\" height=\"26\" \/><\/p>\n<\/div>\n<\/div>\n<h2>Vorteile der Rollambia-Applikation<\/h2>\n<p>Die mobile Applikation bietet spezifische Funktionen, die das Spielerlebnis im Vergleich zum Computerzugang verbessern. Spieler finden erhebliche Vorteile, wenn sie die mobile Version der Plattform nutzen.<\/p>\n<p>Die App beseitigt die Notwendigkeit, jedes Mal einen Browser zu \u00f6ffnen, wenn man spielen m\u00f6chte. Durch Tippen auf das Symbol auf Ihrem Startbildschirm \u00f6ffnen Sie Ihr Konto und alle Spiele, einschlie\u00dflich Online-Slots. Die Unmittelbarkeit ist n\u00fctzlich, wenn Sie tags\u00fcber freie Zeit haben.<\/p>\n<p>Die Steuerung nutzt die Touch-Funktionen von Smartphones und Tablets und ist f\u00fcr mobile Ger\u00e4te konzipiert. Es ist einfacher, mit dem Finger zu navigieren, und es ist weniger wahrscheinlich, Fehler zu machen, da die Schaltfl\u00e4chen gr\u00f6\u00dfer und besser organisiert sind.<\/p>\n<p>Die App verbraucht aufgrund ihres optimierten Designs weniger mobile Daten als der Browserzugang. Visuelle Elemente und Funktionen sind optimiert, um schneller zu laden, was die Nutzung Ihres Internet-Tarifs reduziert.<\/p>\n<p><div class=\"scrollable-content-wrap my-5\"><div class=\"scrollable-content-inner\"><h2>Wie man auf Rollambia von iPhone und iPad spielt<\/h2>\n<p>Apple-Ger\u00e4te haben zwei Hauptwege, um auf die Rollambia-Plattform zuzugreifen. Beide Optionen bieten ein vollst\u00e4ndiges Erlebnis, ohne dass Apps aus dem App Store heruntergeladen werden m\u00fcssen.<\/p>\n<h3>Schritt-f\u00fcr-Schritt-Installation der App auf iOS<\/h3>\n<p>Das Rollambia Casino nutzt PWA-Technologie, die es Ihnen erm\u00f6glicht, die App direkt von der offiziellen Website zu installieren. Dieses System tut alles, was eine native App tut, nimmt aber keinen zus\u00e4tzlichen Platz auf Ihrem Ger\u00e4t ein.<\/p>\n<ol>\n<li>\u00d6ffnen Sie Safari auf Ihrem iPhone oder iPad.<\/li>\n<li>Besuchen Sie die offizielle Website.<\/li>\n<li>Finden Sie die Schaltfl\u00e4che \u201eCasino App\u201c im Hauptmen\u00fc der Seite.<\/li>\n<li>Dr\u00fccken Sie das Teilen-Symbol am unteren Bildschirmrand (ein Quadrat mit einem nach oben zeigenden Pfeil).<\/li>\n<li>Scrollen Sie durch die Optionen und w\u00e4hlen Sie \u201eZum Home-Bildschirm\u201c.<\/li>\n<li>Passen Sie den Namen nach Wunsch an und best\u00e4tigen Sie durch Tippen auf \u201eHinzuf\u00fcgen\u201c.<\/li>\n<\/ol>\n<p>Das Symbol erscheint auf Ihrem Startbildschirm wie jede andere Anwendung. Durch Anklicken \u00f6ffnet es sich im Vollbildmodus und bietet ein Erlebnis, das mit einer aus dem Store heruntergeladenen App identisch ist.<\/p>\n<p>Wenn Sie Probleme mit der Installation oder dem Verifizierungsprozess haben, k\u00f6nnen Sie sich per Live-Chat oder E-Mail an unser Support-Team wenden.<\/p>\n<p><img loading=\"lazy\" decoding=\"async\" class=\"alignnone size-full wp-image-2013\" src=\"https:\/\/rollambia-casino.com\/wp-content\/uploads\/2026\/02\/Rollambia-iOS.webp\" alt=\"Rollambia iOS\" width=\"1248\" height=\"536\" srcset=\"https:\/\/rollambia-casino.com\/wp-content\/uploads\/2026\/02\/Rollambia-iOS.webp 1248w, https:\/\/rollambia-casino.com\/wp-content\/uploads\/2026\/02\/Rollambia-iOS-300x129.webp 300w, https:\/\/rollambia-casino.com\/wp-content\/uploads\/2026\/02\/Rollambia-iOS-1024x440.webp 1024w, https:\/\/rollambia-casino.com\/wp-content\/uploads\/2026\/02\/Rollambia-iOS-768x330.webp 768w\" sizes=\"auto, (max-width: 1248px) 100vw, 1248px\" \/><\/p>\n<\/div><\/div><div style=\"clear: both\"><\/div><div class=\"d-flex justify-content-center\"><button data-item=\"decouvrez_link\" data-group=\"website_links\" class=\"goto fw-bold rounded-pill btn btn-orange\" aria-label=\"Laden Sie die Rollambia-App herunter\" >Laden Sie die Rollambia-App herunter<\/button><\/div><div class=\"scrollable-content-wrap my-5\"><div class=\"scrollable-content-inner\"><h2>Rollambia vom PC oder Mac<\/h2>\n<p>Obwohl die mobile App es Ihnen erm\u00f6glicht, \u00fcberall zu spielen, bevorzugen viele Spieler das Spielen auf einem gr\u00f6\u00dferen Bildschirm. Der Zugriff von Desktop- oder Laptop-Computern erfordert keine Downloads.<\/p>\n<p>Die Rollambia-Webplattform funktioniert gut auf allen modernen Browsern wie Chrome, Firefox, Safari und Edge. Besuchen Sie einfach die offizielle Website, melden Sie sich mit Ihren Daten an und greifen Sie sofort auf die vollst\u00e4ndige Spielbibliothek zu.<\/p>\n<p>Gr\u00f6\u00dfere Bildschirme helfen Ihnen, die detaillierte Grafik der Spiele besser zu sehen und erleichtern die Handhabung mehrerer Fenster gleichzeitig. Spieler, die an Turnieren teilnehmen oder lange Zeit spielen, bevorzugen die PC- oder Mac-Erfahrung.<\/p>\n<p>Ihr Konto ist automatisch \u00fcber alle Ger\u00e4te hinweg verbunden. Ihr Fortschritt, Kontostand und Ihre Einstellungen sind dieselben, unabh\u00e4ngig davon, ob Sie im mobilen Casino, auf dem Tablet oder am Computer spielen. Diese Flexibilit\u00e4t erm\u00f6glicht es Ihnen, je nach Situation verschiedene Ger\u00e4te zu nutzen, ohne Ihren Rhythmus zu verlieren.<\/p>\n<table>\n<tbody>\n<tr>\n<td>Aspekt<\/td>\n<td>Mobiles Ger\u00e4t<\/td>\n<td>PC\/Mac<\/td>\n<\/tr>\n<tr>\n<td>Tragbarkeit<\/td>\n<td>Ausgezeichnet<\/td>\n<td>Begrenzt<\/td>\n<\/tr>\n<tr>\n<td>Bildschirmgr\u00f6\u00dfe<\/td>\n<td>5-7 Zoll<\/td>\n<td>13+ Zoll<\/td>\n<\/tr>\n<tr>\n<td>Multitasking<\/td>\n<td>Begrenzt<\/td>\n<td>Umfangreich<\/td>\n<\/tr>\n<tr>\n<td>Komfort bei langen Sitzungen<\/td>\n<td>Mittel<\/td>\n<td>Hoch<\/td>\n<\/tr>\n<\/tbody>\n<\/table>\n<p><img loading=\"lazy\" decoding=\"async\" class=\"alignnone size-full wp-image-2005\" src=\"https:\/\/rollambia-casino.com\/wp-content\/uploads\/2026\/02\/Rollambia-Desktop.webp\" alt=\"Rollambia Desktop\" width=\"1248\" height=\"536\" srcset=\"https:\/\/rollambia-casino.com\/wp-content\/uploads\/2026\/02\/Rollambia-Desktop.webp 1248w, https:\/\/rollambia-casino.com\/wp-content\/uploads\/2026\/02\/Rollambia-Desktop-300x129.webp 300w, https:\/\/rollambia-casino.com\/wp-content\/uploads\/2026\/02\/Rollambia-Desktop-1024x440.webp 1024w, https:\/\/rollambia-casino.com\/wp-content\/uploads\/2026\/02\/Rollambia-Desktop-768x330.webp 768w\" sizes=\"auto, (max-width: 1248px) 100vw, 1248px\" \/><\/p>\n<\/div><\/div><div style=\"clear: both\"><\/div><div class=\"d-flex justify-content-center\"><button data-item=\"decouvrez_link\" data-group=\"website_links\" class=\"goto fw-bold rounded-pill btn btn-orange\" aria-label=\"Rollambia herunterladen\" >Rollambia herunterladen<\/button><\/div><div class=\"scrollable-content-wrap my-5\"><div class=\"scrollable-content-inner\"><h2>Download und Installation der App auf Android<\/h2>\n<p>Android-Nutzer haben verschiedene M\u00f6glichkeiten, die Rollambia App zu installieren. Der Prozess ist einfach und erfordert keine komplizierten \u00c4nderungen am Ger\u00e4t.<\/p>\n<h3>Installation \u00fcber Webverkn\u00fcpfung<\/h3>\n<p>Android erm\u00f6glicht es Ihnen ebenfalls, Verkn\u00fcpfungen aus Chrome zu erstellen, \u00e4hnlich wie bei iOS, jedoch mit einigen anderen Schritten.<\/p>\n<ol>\n<li>\u00d6ffnen Sie Chrome auf Ihrem Android-Telefon.<\/li>\n<li>Besuchen Sie die Website.<\/li>\n<li>Suchen Sie nach dem Bereich \u201eCasino App\u201c im Men\u00fc der Seite.<\/li>\n<li>Klicken Sie auf das Drei-Punkte-Symbol in der oberen rechten Ecke des Browsers.<\/li>\n<li>W\u00e4hlen Sie \u201eZum Startbildschirm hinzuf\u00fcgen\u201c aus dem erscheinenden Men\u00fc.<\/li>\n<li>Best\u00e4tigen Sie die Aktion durch Tippen auf \u201eHinzuf\u00fcgen\u201c.<\/li>\n<\/ol>\n<p>Das System erstellt automatisch ein Symbol auf Ihrem Startbildschirm, das als eigenst\u00e4ndige Anwendung funktionieren wird.<\/p>\n<p><img loading=\"lazy\" decoding=\"async\" class=\"alignnone size-full wp-image-1997\" src=\"https:\/\/rollambia-casino.com\/wp-content\/uploads\/2026\/02\/Rollambia-Android.webp\" alt=\"Rollambia Android\" width=\"1248\" height=\"536\" srcset=\"https:\/\/rollambia-casino.com\/wp-content\/uploads\/2026\/02\/Rollambia-Android.webp 1248w, https:\/\/rollambia-casino.com\/wp-content\/uploads\/2026\/02\/Rollambia-Android-300x129.webp 300w, https:\/\/rollambia-casino.com\/wp-content\/uploads\/2026\/02\/Rollambia-Android-1024x440.webp 1024w, https:\/\/rollambia-casino.com\/wp-content\/uploads\/2026\/02\/Rollambia-Android-768x330.webp 768w\" sizes=\"auto, (max-width: 1248px) 100vw, 1248px\" \/><\/p>\n<\/div><\/div><div style=\"clear: both\"><\/div><div class=\"d-flex justify-content-center\"><button data-item=\"decouvrez_link\" data-group=\"website_links\" class=\"goto fw-bold rounded-pill btn btn-orange\" aria-label=\"Laden Sie die Rollambia-App herunter\" >Laden Sie die Rollambia-App herunter<\/button><\/div><div class=\"scrollable-content-wrap my-5\"><div class=\"scrollable-content-inner\"><h2>Sicherheit der Applikation und Schutzfunktionen<\/h2>\n<p>Sicherheit hat bei der Nutzung von Rollambia hohe Priorit\u00e4t. Mehrere Sicherheitsebenen sch\u00fctzen die pers\u00f6nlichen und finanziellen Informationen der Nutzer.<\/p>\n<p>Alle Informationen, die zwischen Ihrem Ger\u00e4t und den Servern \u00fcbertragen werden, sind durch 128-Bit-SSL-Verschl\u00fcsselung gesch\u00fctzt. Dieses Sicherheitsniveau entspricht dem, das Banken verwenden, um sensible Informationen wie Passw\u00f6rter und Zahlungsdetails vor Diebstahl zu sch\u00fctzen.<\/p>\n<p>Die App bietet optionale Zwei-Faktor-Authentifizierung, die die Sicherheit erh\u00f6ht. Nach der Eingabe Ihres Passworts fordert das System einen tempor\u00e4ren Code per Telefon oder E-Mail an. Dies verhindert unbefugten Zugriff, selbst wenn jemand Ihr Passwort hat.<\/p>\n<p>Jede Einzahlung und Auszahlung wird automatisch auf Sicherheit \u00fcberpr\u00fcft. Das System erkennt Anomalien und kann f\u00fcr Transaktionen, die von Ihrem \u00fcblichen Verhalten abweichen, eine zus\u00e4tzliche Verifizierung anfordern, um Betrug zu verhindern.<\/p>\n<h2>H\u00e4ufig gestellte Fragen<\/h2>\n<h3>Was soll ich tun, wenn sich die App unerwartet schlie\u00dft?<\/h3>\n<p>Unerwartete Schlie\u00dfungen werden in der Regel mit einfachen Schritten behoben. Erstellen Sie die Verkn\u00fcpfung von der Website neu, leeren Sie den Cache Ihres Browsers und starten Sie Ihr Telefon neu. Stellen Sie sicher, dass das Betriebssystem auf dem neuesten Stand ist. Wenn das Problem weiterhin auftritt, wenden Sie sich bitte an den Rollambia-Support und beschreiben Sie Ihr Ger\u00e4t und den Fehler.<\/p>\n<h3>Sind meine Einzahlungen sicher, wenn ich die mobile App nutze?<\/h3>\n<p>Einzahlungen in der mobilen App sind genauso sicher wie Computer-Einzahlungen. Es werden PCI-DSS-konforme Zahlungsmethoden und bank\u00fcbliche SSL-Verschl\u00fcsselung verwendet. Rollambia speichert keine vollst\u00e4ndigen Kartendaten, aber jede Transaktion wird in der Kontohistorie aufgezeichnet.<\/p>\n<h3>Warum sollte ich die offizielle App anstelle der Website verwenden?<\/h3>\n<p>Die offizielle App verbessert das mobile Spielen durch exklusive Bonus-Benachrichtigungen, geringeren Batterie- und Datenverbrauch und eine optimierte Touch-Oberfl\u00e4che. Sie l\u00e4dt schneller, erleichtert die Navigation und erm\u00f6glicht den direkten Zugriff vom Startbildschirm ohne Verwendung eines Browsers.<\/p>\n<\/div><\/div><\/p>\n","protected":false},"excerpt":{"rendered":"<p>Rollambia Mobile Applikation Spieler haben jetzt die Freiheit, ihre Lieblingsspiele mit der Rollambia App zu spielen, wann immer sie m\u00f6chten. Sowohl die fortgeschrittenen Funktionen als auch die benutzerfreundliche Oberfl\u00e4che dieser mobilen Plattform sind beeindruckend. Nutzer von Apple- und Android-Produkten k\u00f6nnen auf eine Vielzahl mobiler Casino-Spiele zugreifen. Die App gew\u00e4hrleistet, dass Nutzer, insbesondere diejenigen auf mobilen [&hellip;]<\/p>\n","protected":false},"author":1,"featured_media":0,"parent":0,"menu_order":0,"comment_status":"closed","ping_status":"closed","template":"template-builder.php","meta":{"_acf_changed":false,"inline_featured_image":false,"footnotes":""},"class_list":["post-1442","page","type-page","status-publish","hentry"],"acf":[],"yoast_head":"<!-- This site is optimized with the Yoast SEO plugin v27.3 - https:\/\/yoast.com\/product\/yoast-seo-wordpress\/ -->\n<title>Rollambia App f\u00fcr iOS &amp; Android<\/title>\n<meta name=\"description\" content=\"Mit der Roll Ambia App hast du deine gesamte Spielebibliothek immer dabei. Spiele Tausende von Spielen mit sofortigem Zugriff, zuverl\u00e4ssigem In-App-Banking und schnellem Kundensupport.\" \/>\n<meta name=\"robots\" content=\"index, follow, max-snippet:-1, max-image-preview:large, max-video-preview:-1\" \/>\n<link rel=\"canonical\" href=\"https:\/\/rollambia-casino.com\/de\/app\/\" \/>\n<meta property=\"og:locale\" content=\"de_DE\" \/>\n<meta property=\"og:type\" content=\"article\" \/>\n<meta property=\"og:title\" content=\"Rollambia App f\u00fcr iOS &amp; Android\" \/>\n<meta property=\"og:description\" content=\"Mit der Roll Ambia App hast du deine gesamte Spielebibliothek immer dabei. Spiele Tausende von Spielen mit sofortigem Zugriff, zuverl\u00e4ssigem In-App-Banking und schnellem Kundensupport.\" \/>\n<meta property=\"og:url\" content=\"https:\/\/rollambia-casino.com\/de\/app\/\" \/>\n<meta property=\"og:site_name\" content=\"rollambia\" \/>\n<meta property=\"article:modified_time\" content=\"2026-02-25T11:36:59+00:00\" \/>\n<meta name=\"twitter:card\" content=\"summary_large_image\" \/>\n<meta name=\"twitter:label1\" content=\"Gesch\u00e4tzte Lesezeit\" \/>\n\t<meta name=\"twitter:data1\" content=\"1\u00a0Minute\" \/>\n<script type=\"application\/ld+json\" class=\"yoast-schema-graph\">{\"@context\":\"https:\\\/\\\/schema.org\",\"@graph\":[{\"@type\":\"WebPage\",\"@id\":\"https:\\\/\\\/rollambia-casino.com\\\/de\\\/app\\\/\",\"url\":\"https:\\\/\\\/rollambia-casino.com\\\/de\\\/app\\\/\",\"name\":\"Rollambia App f\u00fcr iOS & Android\",\"isPartOf\":{\"@id\":\"https:\\\/\\\/rollambia-casino.com\\\/de\\\/#website\"},\"datePublished\":\"2026-01-20T12:08:23+00:00\",\"dateModified\":\"2026-02-25T11:36:59+00:00\",\"description\":\"Mit der Roll Ambia App hast du deine gesamte Spielebibliothek immer dabei. Spiele Tausende von Spielen mit sofortigem Zugriff, zuverl\u00e4ssigem In-App-Banking und schnellem Kundensupport.\",\"breadcrumb\":{\"@id\":\"https:\\\/\\\/rollambia-casino.com\\\/de\\\/app\\\/#breadcrumb\"},\"inLanguage\":\"de\",\"potentialAction\":[{\"@type\":\"ReadAction\",\"target\":[\"https:\\\/\\\/rollambia-casino.com\\\/de\\\/app\\\/\"]}]},{\"@type\":\"BreadcrumbList\",\"@id\":\"https:\\\/\\\/rollambia-casino.com\\\/de\\\/app\\\/#breadcrumb\",\"itemListElement\":[{\"@type\":\"ListItem\",\"position\":1,\"name\":\"Rollambia\",\"item\":\"https:\\\/\\\/rollambia-casino.com\\\/de\\\/\"},{\"@type\":\"ListItem\",\"position\":2,\"name\":\"App\"}]},{\"@type\":\"WebSite\",\"@id\":\"https:\\\/\\\/rollambia-casino.com\\\/de\\\/#website\",\"url\":\"https:\\\/\\\/rollambia-casino.com\\\/de\\\/\",\"name\":\"Rollambia\",\"description\":\"\",\"publisher\":{\"@id\":\"https:\\\/\\\/rollambia-casino.com\\\/de\\\/#organization\"},\"potentialAction\":[{\"@type\":\"SearchAction\",\"target\":{\"@type\":\"EntryPoint\",\"urlTemplate\":\"https:\\\/\\\/rollambia-casino.com\\\/de\\\/?s={search_term_string}\"},\"query-input\":{\"@type\":\"PropertyValueSpecification\",\"valueRequired\":true,\"valueName\":\"search_term_string\"}}],\"inLanguage\":\"de\"},{\"@type\":\"Organization\",\"@id\":\"https:\\\/\\\/rollambia-casino.com\\\/de\\\/#organization\",\"name\":\"Rollambia\",\"url\":\"https:\\\/\\\/rollambia-casino.com\\\/de\\\/\",\"logo\":{\"@type\":\"ImageObject\",\"inLanguage\":\"de\",\"@id\":\"https:\\\/\\\/rollambia-casino.com\\\/de\\\/#\\\/schema\\\/logo\\\/image\\\/\",\"url\":\"https:\\\/\\\/rollambia-casino.com\\\/wp-content\\\/uploads\\\/2026\\\/02\\\/Rollambia-logo.png\",\"contentUrl\":\"https:\\\/\\\/rollambia-casino.com\\\/wp-content\\\/uploads\\\/2026\\\/02\\\/Rollambia-logo.png\",\"width\":160,\"height\":40,\"caption\":\"Rollambia\"},\"image\":{\"@id\":\"https:\\\/\\\/rollambia-casino.com\\\/de\\\/#\\\/schema\\\/logo\\\/image\\\/\"}}]}<\/script>\n<!-- \/ Yoast SEO plugin. -->","yoast_head_json":{"title":"Rollambia App f\u00fcr iOS & Android","description":"Mit der Roll Ambia App hast du deine gesamte Spielebibliothek immer dabei. Spiele Tausende von Spielen mit sofortigem Zugriff, zuverl\u00e4ssigem In-App-Banking und schnellem Kundensupport.","robots":{"index":"index","follow":"follow","max-snippet":"max-snippet:-1","max-image-preview":"max-image-preview:large","max-video-preview":"max-video-preview:-1"},"canonical":"https:\/\/rollambia-casino.com\/de\/app\/","og_locale":"de_DE","og_type":"article","og_title":"Rollambia App f\u00fcr iOS & Android","og_description":"Mit der Roll Ambia App hast du deine gesamte Spielebibliothek immer dabei. Spiele Tausende von Spielen mit sofortigem Zugriff, zuverl\u00e4ssigem In-App-Banking und schnellem Kundensupport.","og_url":"https:\/\/rollambia-casino.com\/de\/app\/","og_site_name":"rollambia","article_modified_time":"2026-02-25T11:36:59+00:00","twitter_card":"summary_large_image","twitter_misc":{"Gesch\u00e4tzte Lesezeit":"1\u00a0Minute"},"schema":{"@context":"https:\/\/schema.org","@graph":[{"@type":"WebPage","@id":"https:\/\/rollambia-casino.com\/de\/app\/","url":"https:\/\/rollambia-casino.com\/de\/app\/","name":"Rollambia App f\u00fcr iOS & Android","isPartOf":{"@id":"https:\/\/rollambia-casino.com\/de\/#website"},"datePublished":"2026-01-20T12:08:23+00:00","dateModified":"2026-02-25T11:36:59+00:00","description":"Mit der Roll Ambia App hast du deine gesamte Spielebibliothek immer dabei. Spiele Tausende von Spielen mit sofortigem Zugriff, zuverl\u00e4ssigem In-App-Banking und schnellem Kundensupport.","breadcrumb":{"@id":"https:\/\/rollambia-casino.com\/de\/app\/#breadcrumb"},"inLanguage":"de","potentialAction":[{"@type":"ReadAction","target":["https:\/\/rollambia-casino.com\/de\/app\/"]}]},{"@type":"BreadcrumbList","@id":"https:\/\/rollambia-casino.com\/de\/app\/#breadcrumb","itemListElement":[{"@type":"ListItem","position":1,"name":"Rollambia","item":"https:\/\/rollambia-casino.com\/de\/"},{"@type":"ListItem","position":2,"name":"App"}]},{"@type":"WebSite","@id":"https:\/\/rollambia-casino.com\/de\/#website","url":"https:\/\/rollambia-casino.com\/de\/","name":"Rollambia","description":"","publisher":{"@id":"https:\/\/rollambia-casino.com\/de\/#organization"},"potentialAction":[{"@type":"SearchAction","target":{"@type":"EntryPoint","urlTemplate":"https:\/\/rollambia-casino.com\/de\/?s={search_term_string}"},"query-input":{"@type":"PropertyValueSpecification","valueRequired":true,"valueName":"search_term_string"}}],"inLanguage":"de"},{"@type":"Organization","@id":"https:\/\/rollambia-casino.com\/de\/#organization","name":"Rollambia","url":"https:\/\/rollambia-casino.com\/de\/","logo":{"@type":"ImageObject","inLanguage":"de","@id":"https:\/\/rollambia-casino.com\/de\/#\/schema\/logo\/image\/","url":"https:\/\/rollambia-casino.com\/wp-content\/uploads\/2026\/02\/Rollambia-logo.png","contentUrl":"https:\/\/rollambia-casino.com\/wp-content\/uploads\/2026\/02\/Rollambia-logo.png","width":160,"height":40,"caption":"Rollambia"},"image":{"@id":"https:\/\/rollambia-casino.com\/de\/#\/schema\/logo\/image\/"}}]}},"_links":{"self":[{"href":"https:\/\/rollambia-casino.com\/de\/wp-json\/wp\/v2\/pages\/1442","targetHints":{"allow":["GET"]}}],"collection":[{"href":"https:\/\/rollambia-casino.com\/de\/wp-json\/wp\/v2\/pages"}],"about":[{"href":"https:\/\/rollambia-casino.com\/de\/wp-json\/wp\/v2\/types\/page"}],"author":[{"embeddable":true,"href":"https:\/\/rollambia-casino.com\/de\/wp-json\/wp\/v2\/users\/1"}],"replies":[{"embeddable":true,"href":"https:\/\/rollambia-casino.com\/de\/wp-json\/wp\/v2\/comments?post=1442"}],"version-history":[{"count":3,"href":"https:\/\/rollambia-casino.com\/de\/wp-json\/wp\/v2\/pages\/1442\/revisions"}],"predecessor-version":[{"id":2069,"href":"https:\/\/rollambia-casino.com\/de\/wp-json\/wp\/v2\/pages\/1442\/revisions\/2069"}],"wp:attachment":[{"href":"https:\/\/rollambia-casino.com\/de\/wp-json\/wp\/v2\/media?parent=1442"}],"curies":[{"name":"wp","href":"https:\/\/api.w.org\/{rel}","templated":true}]}}